{"id":874,"date":"2023-10-18T21:43:19","date_gmt":"2023-10-18T21:43:19","guid":{"rendered":"http:\/\/daantonio.ch\/?post_type=product&#038;p=874"},"modified":"2023-10-26T08:53:22","modified_gmt":"2023-10-26T08:53:22","slug":"raucht","status":"publish","type":"product","link":"https:\/\/daantonio.ch\/de\/product\/fume\/","title":{"rendered":"Fum\u00e8"},"content":{"rendered":"<p>(Tomate, Mozzarella, Scamorza 'Ger\u00e4ucherter italienischer K\u00e4se' und Schmalz)<\/p>","protected":false},"excerpt":{"rendered":"<p>(Tomate, Mozzarella, Scamorza 'Ger\u00e4ucherter italienischer K\u00e4se' und Schmalz)<\/p>","protected":false},"featured_media":0,"template":"","meta":[],"product_brand":[],"product_cat":[21],"product_tag":[],"class_list":{"0":"post-874","1":"product","2":"type-product","3":"status-publish","5":"product_cat-pizza","6":"tm-no-options","8":"first","9":"instock","10":"shipping-taxable","11":"purchasable","12":"product-type-variable","13":"has-default-attributes"},"_links":{"self":[{"href":"https:\/\/daantonio.ch\/de\/wp-json\/wp\/v2\/product\/874","targetHints":{"allow":["GET"]}}],"collection":[{"href":"https:\/\/daantonio.ch\/de\/wp-json\/wp\/v2\/product"}],"about":[{"href":"https:\/\/daantonio.ch\/de\/wp-json\/wp\/v2\/types\/product"}],"version-history":[{"count":3,"href":"https:\/\/daantonio.ch\/de\/wp-json\/wp\/v2\/product\/874\/revisions"}],"predecessor-version":[{"id":2055,"href":"https:\/\/daantonio.ch\/de\/wp-json\/wp\/v2\/product\/874\/revisions\/2055"}],"wp:attachment":[{"href":"https:\/\/daantonio.ch\/de\/wp-json\/wp\/v2\/media?parent=874"}],"wp:term":[{"taxonomy":"product_brand","embeddable":true,"href":"https:\/\/daantonio.ch\/de\/wp-json\/wp\/v2\/product_brand?post=874"},{"taxonomy":"product_cat","embeddable":true,"href":"https:\/\/daantonio.ch\/de\/wp-json\/wp\/v2\/product_cat?post=874"},{"taxonomy":"product_tag","embeddable":true,"href":"https:\/\/daantonio.ch\/de\/wp-json\/wp\/v2\/product_tag?post=874"}],"curies":[{"name":"wp","href":"https:\/\/api.w.org\/{rel}","templated":true}]}}